{"id":1894,"date":"2017-09-01T22:42:38","date_gmt":"2017-09-01T20:42:38","guid":{"rendered":"http:\/\/www.asien-nord-sued.de\/?page_id=1894"},"modified":"2020-06-28T09:14:59","modified_gmt":"2020-06-28T07:14:59","slug":"fruehere-reisen","status":"publish","type":"page","link":"http:\/\/www.asien-nord-sued.de\/?page_id=1894","title":{"rendered":"weitere Reisen"},"content":{"rendered":"<p>Mittlerweile findet ihr in diesem Blog nicht nur die original Beitr\u00e4ge zu &#8222;Asien-Nord-S\u00fcd&#8220;, sondern auch noch Berichte \u00fcber unsere weiteren Reisen.<\/p>\n<p>Viel Spass beim Lesen &#8230;<\/p>\n<p>2016: <a href=\"http:\/\/www.asien-nord-sued.de\/?page_id=1892\">ASIEN-NORD-S\u00dcD (original)<\/a><\/p>\n<p>2017: <a href=\"http:\/\/www.asien-nord-sued.de\/?page_id=2172\">Nepal<\/a><\/p>\n<p>2018: <a href=\"http:\/\/www.asien-nord-sued.de\/?page_id=2362\">Kuba<\/a><\/p>\n<p>2019: <a href=\"http:\/\/www.asien-nord-sued.de\/?page_id=2765\">Baikalsee im Winter<\/a><\/p>\n<p>2019: <a href=\"http:\/\/www.asien-nord-sued.de\/?page_id=2762\">Costa Rica<\/a><\/p>\n","protected":false},"excerpt":{"rendered":"<p>Mittlerweile findet ihr in diesem Blog nicht nur die original Beitr\u00e4ge zu &#8222;Asien-Nord-S\u00fcd&#8220;, sondern auch noch Berichte \u00fcber unsere weiteren Reisen. Viel Spass beim Lesen &#8230; 2016: ASIEN-NORD-S\u00dcD (original) 2017: Nepal 2018: Kuba 2019: Baikalsee im Winter 2019: Costa Rica<\/p>\n","protected":false},"author":1,"featured_media":0,"parent":0,"menu_order":2,"comment_status":"closed","ping_status":"closed","template":"","meta":{"footnotes":""},"class_list":["post-1894","page","type-page","status-publish","hentry"],"aioseo_notices":[],"_links":{"self":[{"href":"http:\/\/www.asien-nord-sued.de\/index.php?rest_route=\/wp\/v2\/pages\/1894","targetHints":{"allow":["GET"]}}],"collection":[{"href":"http:\/\/www.asien-nord-sued.de\/index.php?rest_route=\/wp\/v2\/pages"}],"about":[{"href":"http:\/\/www.asien-nord-sued.de\/index.php?rest_route=\/wp\/v2\/types\/page"}],"author":[{"embeddable":true,"href":"http:\/\/www.asien-nord-sued.de\/index.php?rest_route=\/wp\/v2\/users\/1"}],"replies":[{"embeddable":true,"href":"http:\/\/www.asien-nord-sued.de\/index.php?rest_route=%2Fwp%2Fv2%2Fcomments&post=1894"}],"version-history":[{"count":5,"href":"http:\/\/www.asien-nord-sued.de\/index.php?rest_route=\/wp\/v2\/pages\/1894\/revisions"}],"predecessor-version":[{"id":2788,"href":"http:\/\/www.asien-nord-sued.de\/index.php?rest_route=\/wp\/v2\/pages\/1894\/revisions\/2788"}],"wp:attachment":[{"href":"http:\/\/www.asien-nord-sued.de\/index.php?rest_route=%2Fwp%2Fv2%2Fmedia&parent=1894"}],"curies":[{"name":"wp","href":"https:\/\/api.w.org\/{rel}","templated":true}]}}